{"id":26,"date":"2019-02-05T11:09:14","date_gmt":"2019-02-05T11:09:14","guid":{"rendered":"http:\/\/qusoft.lu.lv\/?page_id=26"},"modified":"2019-08-29T12:52:10","modified_gmt":"2019-08-29T12:52:10","slug":"learning","status":"publish","type":"page","link":"https:\/\/qsoftware.lu.lv\/index.php\/learning\/","title":{"rendered":"Learning"},"content":{"rendered":"\n<h3>Study group on quantum machine learning<\/h3>\n\n\n\n<p><strong>Spring 2019<\/strong><\/p>\n\n\n\n<p>We set up our first study group this semester, which is on Quantum Machine Learning.  <\/p>\n\n\n\n<figure class=\"wp-block-image\"><img decoding=\"async\" loading=\"lazy\" width=\"1024\" height=\"768\" src=\"http:\/\/qusoft.lu.lv\/wp-content\/uploads\/2019\/02\/2019-02-21-18.20.31-1024x768.jpg\" alt=\"\" class=\"wp-image-602\" srcset=\"https:\/\/qsoftware.lu.lv\/wp-content\/uploads\/2019\/02\/2019-02-21-18.20.31-1024x768.jpg 1024w, https:\/\/qsoftware.lu.lv\/wp-content\/uploads\/2019\/02\/2019-02-21-18.20.31-300x225.jpg 300w, https:\/\/qsoftware.lu.lv\/wp-content\/uploads\/2019\/02\/2019-02-21-18.20.31-768x576.jpg 768w, https:\/\/qsoftware.lu.lv\/wp-content\/uploads\/2019\/02\/2019-02-21-18.20.31-1200x900.jpg 1200w\" sizes=\"(max-width: 709px) 85vw, (max-width: 909px) 67vw, (max-width: 1362px) 62vw, 840px\" \/><figcaption>A moment from our meetings with Turkish tea and cookies \ud83d\ude09<\/figcaption><\/figure>\n\n\n\n<p>We met at 18:15 on every Thursday (from February to mid-May) in Auditorium 16 at the Faculty of Computing of the University of Latvia.<\/p>\n\n\n\n<p>Click <a rel=\"noreferrer noopener\" aria-label=\"qml-study (opens in a new tab)\" href=\"https:\/\/groups.google.com\/group\/qml-study\/subscribe\" target=\"_blank\">qml-study<\/a> to subscribe to our study group e-mail list.<\/p>\n\n\n\n<p>Weekly leaders are <strong>Maksims Dimitrijevs (3),<\/strong> <strong>M\u0101rti\u0146\u0161 K\u0101lis (2), Andis Draguns (2),  Mat\u012bss Apinis (1), Jevgenijs Vihrovs (1), and Abuzer Yakaryilmaz (1)<\/strong>.<br><\/p>\n\n\n\n<p>The study group is organized by Abuzer Yakaryilmaz. <\/p>\n\n\n\n<p><\/p>\n\n\n\n<h3>Seminar on introduction to quantum programming  <br><\/h3>\n\n\n\n<p><strong>Autumn 2018<\/strong><\/p>\n\n\n\n<p>During this seminar course, we have prepared and used our first pedagogical material called Bronze for introducing the basics of quantum programming and quantum computation.<\/p>\n\n\n\n<p>See section <a href=\"http:\/\/qsoftware.lu.lv\/index.php\/bronze-2\/\" target=\"_blank\" rel=\"noreferrer noopener\" aria-label=\" (opens in a new tab)\">Bronze<\/a> for the details.<\/p>\n\n\n\n<p> The seminar was organized by Abuzer Yakaryilmaz.  <\/p>\n\n\n\n<p><\/p>\n\n\n\n<h3>Reading group on quantum machine learning<\/h3>\n\n\n\n<p><strong>Summer 2018<\/strong><\/p>\n\n\n\n<p>We met six times (July 12, 19, 27 and August 10, 17,24) during summer 2018. <\/p>\n\n\n\n<p>We read the paper &#8220;<em><a rel=\"noreferrer noopener\" aria-label=\"Quantum machine learning for data scientists (opens in a new tab)\" href=\"https:\/\/arxiv.org\/pdf\/1804.10068.pdf\" target=\"_blank\">Quantum machine learning for data scientists<\/a><\/em>&#8221; by  Dawid Kopczyk.  The paper has nine sections. <\/p>\n\n\n\n<p>We had three leaders. <strong>Andis Draguns<\/strong> presented five sections. <strong>Romans Dinuls<\/strong> and <strong>Mat\u012bss Apinis<\/strong> presented two sections.<\/p>\n\n\n\n<p> The seminar was organized by Abuzer Yakaryilmaz.   <\/p>\n","protected":false},"excerpt":{"rendered":"<p>Study group on quantum machine learning Spring 2019 We set up our first study group this semester, which is on Quantum Machine Learning. We met at 18:15 on every Thursday (from February to mid-May) in Auditorium 16 at the Faculty of Computing of the University of Latvia. Click qml-study to subscribe to our study group &hellip; <a href=\"https:\/\/qsoftware.lu.lv\/index.php\/learning\/\" class=\"more-link\">Continue reading<span class=\"screen-reader-text\"> &#8220;Learning&#8221;<\/span><\/a><\/p>\n","protected":false},"author":1,"featured_media":0,"parent":0,"menu_order":0,"comment_status":"closed","ping_status":"closed","template":"","meta":[],"_links":{"self":[{"href":"https:\/\/qsoftware.lu.lv\/index.php\/wp-json\/wp\/v2\/pages\/26"}],"collection":[{"href":"https:\/\/qsoftware.lu.lv\/index.php\/wp-json\/wp\/v2\/pages"}],"about":[{"href":"https:\/\/qsoftware.lu.lv\/index.php\/wp-json\/wp\/v2\/types\/page"}],"author":[{"embeddable":true,"href":"https:\/\/qsoftware.lu.lv\/index.php\/wp-json\/wp\/v2\/users\/1"}],"replies":[{"embeddable":true,"href":"https:\/\/qsoftware.lu.lv\/index.php\/wp-json\/wp\/v2\/comments?post=26"}],"version-history":[{"count":22,"href":"https:\/\/qsoftware.lu.lv\/index.php\/wp-json\/wp\/v2\/pages\/26\/revisions"}],"predecessor-version":[{"id":1484,"href":"https:\/\/qsoftware.lu.lv\/index.php\/wp-json\/wp\/v2\/pages\/26\/revisions\/1484"}],"wp:attachment":[{"href":"https:\/\/qsoftware.lu.lv\/index.php\/wp-json\/wp\/v2\/media?parent=26"}],"curies":[{"name":"wp","href":"https:\/\/api.w.org\/{rel}","templated":true}]}}