{"id":37,"date":"2019-02-05T11:10:37","date_gmt":"2019-02-05T11:10:37","guid":{"rendered":"http:\/\/qusoft.lu.lv\/?page_id=37"},"modified":"2019-09-16T16:56:48","modified_gmt":"2019-09-16T16:56:48","slug":"qdrive","status":"publish","type":"page","link":"https:\/\/qsoftware.lu.lv\/index.php\/qdrive\/","title":{"rendered":"QDrive"},"content":{"rendered":"\n<p>Quantum Drive was our spring and summer project in 2019. <\/p>\n\n\n\n<p>We traveled by our car[*] to various venues and taught the basics of quantum programming and quantum computation by doing there-day workshops.<\/p>\n\n\n\n<p class=\"has-small-font-size\">[*]  We traveled by flight only to Ankara.<\/p>\n\n\n\n<figure class=\"wp-block-image\"><img decoding=\"async\" loading=\"lazy\" width=\"1024\" height=\"536\" src=\"http:\/\/qusoft.lu.lv\/wp-content\/uploads\/2019\/05\/Qdriving-map-1024x536.png\" alt=\"\" class=\"wp-image-1077\" srcset=\"https:\/\/qsoftware.lu.lv\/wp-content\/uploads\/2019\/05\/Qdriving-map-1024x536.png 1024w, https:\/\/qsoftware.lu.lv\/wp-content\/uploads\/2019\/05\/Qdriving-map-300x157.png 300w, https:\/\/qsoftware.lu.lv\/wp-content\/uploads\/2019\/05\/Qdriving-map-768x402.png 768w, https:\/\/qsoftware.lu.lv\/wp-content\/uploads\/2019\/05\/Qdriving-map.png 1200w\" sizes=\"(max-width: 709px) 85vw, (max-width: 909px) 67vw, (max-width: 1362px) 62vw, 840px\" \/><\/figure>\n\n\n\n<p>In the first cycle, we flew to Ankara (both ways), and then we drove by car 3710 km, and we visited Cracow, Warsaw, and Brno.  <\/p>\n\n\n\n<p>In the second cycle, we drove by car 6850 km, and we visited Brno, Ko\u0161ice, Budapest, Podrogrica, Sarajevo, and Ljubljana. <\/p>\n\n\n\n<p>In total, we traveled 79 days,  we organized 11 workshops in eight countries, and we handed out 209 diplomas. See the detailed statistics below.<\/p>\n\n\n\n<p><em>After summer, we will also be in Verona, Italy at the  Summer School &#8220;<a href=\"http:\/\/profs.scienze.univr.it\/~dipierro\/SQLDI-19\/\" target=\"_blank\" rel=\"noreferrer noopener\" aria-label=\" (opens in a new tab)\">Quantum Languages Design and Implementation<\/a>&#8221;, 23-28 September 2019.<\/em> <\/p>\n\n\n\n<h3>QDrive Family<\/h3>\n\n\n\n<p style=\"text-align:center\"><a rel=\"noreferrer noopener\" aria-label=\"Download as a single PDF file. (opens in a new tab)\" href=\"https:\/\/qsoftware.lu.lv\/wp-content\/uploads\/2019\/08\/QDriveFamily.pdf\" target=\"_blank\">download as a single PDF file<\/a><\/p>\n\n\n\n<figure class=\"wp-block-image\"><img decoding=\"async\" loading=\"lazy\" width=\"1024\" height=\"555\" src=\"https:\/\/qsoftware.lu.lv\/wp-content\/uploads\/2019\/07\/thank_you_www-1-1024x555.jpg\" alt=\"\" class=\"wp-image-1416\" srcset=\"https:\/\/qsoftware.lu.lv\/wp-content\/uploads\/2019\/07\/thank_you_www-1-1024x555.jpg 1024w, https:\/\/qsoftware.lu.lv\/wp-content\/uploads\/2019\/07\/thank_you_www-1-300x163.jpg 300w, https:\/\/qsoftware.lu.lv\/wp-content\/uploads\/2019\/07\/thank_you_www-1-768x416.jpg 768w, https:\/\/qsoftware.lu.lv\/wp-content\/uploads\/2019\/07\/thank_you_www-1.jpg 1200w\" sizes=\"(max-width: 709px) 85vw, (max-width: 909px) 67vw, (max-width: 1362px) 62vw, 840px\" \/><\/figure>\n\n\n\n<ul class=\"is-layout-flex wp-block-gallery-1 wp-block-gallery columns-2 is-cropped\"><li class=\"blocks-gallery-item\"><figure><img decoding=\"async\" loading=\"lazy\" width=\"640\" height=\"960\" src=\"https:\/\/qsoftware.lu.lv\/wp-content\/uploads\/2019\/08\/QDrive_Family_02.png\" alt=\"\" data-id=\"1437\" data-link=\"https:\/\/qsoftware.lu.lv\/index.php\/qdrive\/qdrive_family_02\/\" class=\"wp-image-1437\" srcset=\"https:\/\/qsoftware.lu.lv\/wp-content\/uploads\/2019\/08\/QDrive_Family_02.png 640w, https:\/\/qsoftware.lu.lv\/wp-content\/uploads\/2019\/08\/QDrive_Family_02-200x300.png 200w\" sizes=\"(max-width: 640px) 85vw, 640px\" \/><\/figure><\/li><li class=\"blocks-gallery-item\"><figure><img decoding=\"async\" loading=\"lazy\" width=\"640\" height=\"960\" src=\"https:\/\/qsoftware.lu.lv\/wp-content\/uploads\/2019\/08\/QDrive_Family_03.png\" alt=\"\" data-id=\"1438\" data-link=\"https:\/\/qsoftware.lu.lv\/index.php\/qdrive\/qdrive_family_03\/\" class=\"wp-image-1438\" srcset=\"https:\/\/qsoftware.lu.lv\/wp-content\/uploads\/2019\/08\/QDrive_Family_03.png 640w, https:\/\/qsoftware.lu.lv\/wp-content\/uploads\/2019\/08\/QDrive_Family_03-200x300.png 200w\" sizes=\"(max-width: 640px) 85vw, 640px\" \/><\/figure><\/li><li class=\"blocks-gallery-item\"><figure><img decoding=\"async\" loading=\"lazy\" width=\"640\" height=\"960\" src=\"https:\/\/qsoftware.lu.lv\/wp-content\/uploads\/2019\/08\/QDrive_Family_04.png\" alt=\"\" data-id=\"1439\" data-link=\"https:\/\/qsoftware.lu.lv\/index.php\/qdrive\/qdrive_family_04\/\" class=\"wp-image-1439\" srcset=\"https:\/\/qsoftware.lu.lv\/wp-content\/uploads\/2019\/08\/QDrive_Family_04.png 640w, https:\/\/qsoftware.lu.lv\/wp-content\/uploads\/2019\/08\/QDrive_Family_04-200x300.png 200w\" sizes=\"(max-width: 640px) 85vw, 640px\" \/><\/figure><\/li><li class=\"blocks-gallery-item\"><figure><img decoding=\"async\" loading=\"lazy\" width=\"640\" height=\"960\" src=\"https:\/\/qsoftware.lu.lv\/wp-content\/uploads\/2019\/08\/QDrive_Family_05.png\" alt=\"\" data-id=\"1440\" data-link=\"https:\/\/qsoftware.lu.lv\/index.php\/qdrive\/qdrive_family_05\/\" class=\"wp-image-1440\" srcset=\"https:\/\/qsoftware.lu.lv\/wp-content\/uploads\/2019\/08\/QDrive_Family_05.png 640w, https:\/\/qsoftware.lu.lv\/wp-content\/uploads\/2019\/08\/QDrive_Family_05-200x300.png 200w\" sizes=\"(max-width: 640px) 85vw, 640px\" \/><\/figure><\/li><li class=\"blocks-gallery-item\"><figure><img decoding=\"async\" loading=\"lazy\" width=\"640\" height=\"960\" src=\"https:\/\/qsoftware.lu.lv\/wp-content\/uploads\/2019\/08\/QDrive_Family_06.png\" alt=\"\" data-id=\"1441\" data-link=\"https:\/\/qsoftware.lu.lv\/index.php\/qdrive\/qdrive_family_06\/\" class=\"wp-image-1441\" srcset=\"https:\/\/qsoftware.lu.lv\/wp-content\/uploads\/2019\/08\/QDrive_Family_06.png 640w, https:\/\/qsoftware.lu.lv\/wp-content\/uploads\/2019\/08\/QDrive_Family_06-200x300.png 200w\" sizes=\"(max-width: 640px) 85vw, 640px\" \/><\/figure><\/li><li class=\"blocks-gallery-item\"><figure><img decoding=\"async\" loading=\"lazy\" width=\"640\" height=\"960\" src=\"https:\/\/qsoftware.lu.lv\/wp-content\/uploads\/2019\/08\/QDrive_Family_07.png\" alt=\"\" data-id=\"1442\" data-link=\"https:\/\/qsoftware.lu.lv\/index.php\/qdrive\/qdrive_family_07\/\" class=\"wp-image-1442\" srcset=\"https:\/\/qsoftware.lu.lv\/wp-content\/uploads\/2019\/08\/QDrive_Family_07.png 640w, https:\/\/qsoftware.lu.lv\/wp-content\/uploads\/2019\/08\/QDrive_Family_07-200x300.png 200w\" sizes=\"(max-width: 640px) 85vw, 640px\" \/><\/figure><\/li><li class=\"blocks-gallery-item\"><figure><img decoding=\"async\" loading=\"lazy\" width=\"640\" height=\"960\" src=\"https:\/\/qsoftware.lu.lv\/wp-content\/uploads\/2019\/08\/QDrive_Family_08.png\" alt=\"\" data-id=\"1443\" data-link=\"https:\/\/qsoftware.lu.lv\/index.php\/qdrive\/qdrive_family_08\/\" class=\"wp-image-1443\" srcset=\"https:\/\/qsoftware.lu.lv\/wp-content\/uploads\/2019\/08\/QDrive_Family_08.png 640w, https:\/\/qsoftware.lu.lv\/wp-content\/uploads\/2019\/08\/QDrive_Family_08-200x300.png 200w\" sizes=\"(max-width: 640px) 85vw, 640px\" \/><\/figure><\/li><li class=\"blocks-gallery-item\"><figure><img decoding=\"async\" loading=\"lazy\" width=\"640\" height=\"960\" src=\"https:\/\/qsoftware.lu.lv\/wp-content\/uploads\/2019\/08\/QDrive_Family_09.png\" alt=\"\" data-id=\"1444\" data-link=\"https:\/\/qsoftware.lu.lv\/index.php\/qdrive\/qdrive_family_09\/\" class=\"wp-image-1444\" srcset=\"https:\/\/qsoftware.lu.lv\/wp-content\/uploads\/2019\/08\/QDrive_Family_09.png 640w, https:\/\/qsoftware.lu.lv\/wp-content\/uploads\/2019\/08\/QDrive_Family_09-200x300.png 200w\" sizes=\"(max-width: 640px) 85vw, 640px\" \/><\/figure><\/li><li class=\"blocks-gallery-item\"><figure><img decoding=\"async\" loading=\"lazy\" width=\"640\" height=\"960\" src=\"https:\/\/qsoftware.lu.lv\/wp-content\/uploads\/2019\/08\/QDrive_Family_10.png\" alt=\"\" data-id=\"1445\" data-link=\"https:\/\/qsoftware.lu.lv\/index.php\/qdrive\/qdrive_family_10\/\" class=\"wp-image-1445\" srcset=\"https:\/\/qsoftware.lu.lv\/wp-content\/uploads\/2019\/08\/QDrive_Family_10.png 640w, https:\/\/qsoftware.lu.lv\/wp-content\/uploads\/2019\/08\/QDrive_Family_10-200x300.png 200w\" sizes=\"(max-width: 640px) 85vw, 640px\" \/><\/figure><\/li><li class=\"blocks-gallery-item\"><figure><img decoding=\"async\" loading=\"lazy\" width=\"640\" height=\"960\" src=\"https:\/\/qsoftware.lu.lv\/wp-content\/uploads\/2019\/08\/QDrive_Family_11.png\" alt=\"\" data-id=\"1446\" data-link=\"https:\/\/qsoftware.lu.lv\/index.php\/qdrive\/qdrive_family_11\/\" class=\"wp-image-1446\" srcset=\"https:\/\/qsoftware.lu.lv\/wp-content\/uploads\/2019\/08\/QDrive_Family_11.png 640w, https:\/\/qsoftware.lu.lv\/wp-content\/uploads\/2019\/08\/QDrive_Family_11-200x300.png 200w\" sizes=\"(max-width: 640px) 85vw, 640px\" \/><\/figure><\/li><li class=\"blocks-gallery-item\"><figure><img decoding=\"async\" loading=\"lazy\" width=\"640\" height=\"960\" src=\"https:\/\/qsoftware.lu.lv\/wp-content\/uploads\/2019\/08\/QDrive_Family_12.png\" alt=\"\" data-id=\"1447\" data-link=\"https:\/\/qsoftware.lu.lv\/index.php\/qdrive\/qdrive_family_12\/\" class=\"wp-image-1447\" srcset=\"https:\/\/qsoftware.lu.lv\/wp-content\/uploads\/2019\/08\/QDrive_Family_12.png 640w, https:\/\/qsoftware.lu.lv\/wp-content\/uploads\/2019\/08\/QDrive_Family_12-200x300.png 200w\" sizes=\"(max-width: 640px) 85vw, 640px\" \/><\/figure><\/li><li class=\"blocks-gallery-item\"><figure><img decoding=\"async\" loading=\"lazy\" width=\"640\" height=\"960\" src=\"https:\/\/qsoftware.lu.lv\/wp-content\/uploads\/2019\/08\/QDrive_Family_13.png\" alt=\"\" data-id=\"1448\" data-link=\"https:\/\/qsoftware.lu.lv\/index.php\/qdrive\/qdrive_family_13\/\" class=\"wp-image-1448\" srcset=\"https:\/\/qsoftware.lu.lv\/wp-content\/uploads\/2019\/08\/QDrive_Family_13.png 640w, https:\/\/qsoftware.lu.lv\/wp-content\/uploads\/2019\/08\/QDrive_Family_13-200x300.png 200w\" sizes=\"(max-width: 640px) 85vw, 640px\" \/><\/figure><\/li><li class=\"blocks-gallery-item\"><figure><img decoding=\"async\" loading=\"lazy\" width=\"640\" height=\"960\" src=\"https:\/\/qsoftware.lu.lv\/wp-content\/uploads\/2019\/08\/QDrive_Family_14.png\" alt=\"\" data-id=\"1449\" data-link=\"https:\/\/qsoftware.lu.lv\/index.php\/qdrive\/qdrive_family_14\/\" class=\"wp-image-1449\" srcset=\"https:\/\/qsoftware.lu.lv\/wp-content\/uploads\/2019\/08\/QDrive_Family_14.png 640w, https:\/\/qsoftware.lu.lv\/wp-content\/uploads\/2019\/08\/QDrive_Family_14-200x300.png 200w\" sizes=\"(max-width: 640px) 85vw, 640px\" \/><\/figure><\/li><li class=\"blocks-gallery-item\"><figure><img decoding=\"async\" loading=\"lazy\" width=\"640\" height=\"960\" src=\"https:\/\/qsoftware.lu.lv\/wp-content\/uploads\/2019\/08\/QDrive_Family_15.png\" alt=\"\" data-id=\"1450\" data-link=\"https:\/\/qsoftware.lu.lv\/index.php\/qdrive\/qdrive_family_15\/\" class=\"wp-image-1450\" srcset=\"https:\/\/qsoftware.lu.lv\/wp-content\/uploads\/2019\/08\/QDrive_Family_15.png 640w, https:\/\/qsoftware.lu.lv\/wp-content\/uploads\/2019\/08\/QDrive_Family_15-200x300.png 200w\" sizes=\"(max-width: 640px) 85vw, 640px\" \/><\/figure><\/li><li class=\"blocks-gallery-item\"><figure><img decoding=\"async\" loading=\"lazy\" width=\"640\" height=\"960\" src=\"https:\/\/qsoftware.lu.lv\/wp-content\/uploads\/2019\/08\/QDrive_Family_16.png\" alt=\"\" data-id=\"1451\" data-link=\"https:\/\/qsoftware.lu.lv\/index.php\/qdrive\/qdrive_family_16\/\" class=\"wp-image-1451\" srcset=\"https:\/\/qsoftware.lu.lv\/wp-content\/uploads\/2019\/08\/QDrive_Family_16.png 640w, https:\/\/qsoftware.lu.lv\/wp-content\/uploads\/2019\/08\/QDrive_Family_16-200x300.png 200w\" sizes=\"(max-width: 640px) 85vw, 640px\" \/><\/figure><\/li><li class=\"blocks-gallery-item\"><figure><img decoding=\"async\" loading=\"lazy\" width=\"640\" height=\"960\" src=\"https:\/\/qsoftware.lu.lv\/wp-content\/uploads\/2019\/08\/QDrive_Family_17.png\" alt=\"\" data-id=\"1452\" data-link=\"https:\/\/qsoftware.lu.lv\/index.php\/qdrive\/qdrive_family_17\/\" class=\"wp-image-1452\" srcset=\"https:\/\/qsoftware.lu.lv\/wp-content\/uploads\/2019\/08\/QDrive_Family_17.png 640w, https:\/\/qsoftware.lu.lv\/wp-content\/uploads\/2019\/08\/QDrive_Family_17-200x300.png 200w\" sizes=\"(max-width: 640px) 85vw, 640px\" \/><\/figure><\/li><li class=\"blocks-gallery-item\"><figure><img decoding=\"async\" loading=\"lazy\" width=\"640\" height=\"960\" src=\"https:\/\/qsoftware.lu.lv\/wp-content\/uploads\/2019\/08\/QDrive_Family_18.png\" alt=\"\" data-id=\"1453\" data-link=\"https:\/\/qsoftware.lu.lv\/index.php\/qdrive\/qdrive_family_18\/\" class=\"wp-image-1453\" srcset=\"https:\/\/qsoftware.lu.lv\/wp-content\/uploads\/2019\/08\/QDrive_Family_18.png 640w, https:\/\/qsoftware.lu.lv\/wp-content\/uploads\/2019\/08\/QDrive_Family_18-200x300.png 200w\" sizes=\"(max-width: 640px) 85vw, 640px\" \/><\/figure><\/li><li class=\"blocks-gallery-item\"><figure><img decoding=\"async\" loading=\"lazy\" width=\"640\" height=\"960\" src=\"https:\/\/qsoftware.lu.lv\/wp-content\/uploads\/2019\/08\/QDrive_Family_19.png\" alt=\"\" data-id=\"1454\" data-link=\"https:\/\/qsoftware.lu.lv\/index.php\/qdrive\/qdrive_family_19\/\" class=\"wp-image-1454\" srcset=\"https:\/\/qsoftware.lu.lv\/wp-content\/uploads\/2019\/08\/QDrive_Family_19.png 640w, https:\/\/qsoftware.lu.lv\/wp-content\/uploads\/2019\/08\/QDrive_Family_19-200x300.png 200w\" sizes=\"(max-width: 640px) 85vw, 640px\" \/><\/figure><\/li><\/ul>\n\n\n\n<h3>Workshop Outline<\/h3>\n\n\n\n<p>Please check <a href=\"http:\/\/qsoftware.lu.lv\/index.php\/outline\/\" target=\"_blank\" rel=\"noreferrer noopener\" aria-label=\" (opens in a new tab)\">Workshop Outline<\/a> page for the details. <\/p>\n\n\n\n<h3>QDrive Workshops<\/h3>\n\n\n\n<ol><li>May 3-5,<a rel=\"noreferrer noopener\" aria-label=\" (opens in a new tab)\" href=\"https:\/\/qsoftware.lu.lv\/index.php\/qdriveankara\/\" target=\"_blank\">Turkey (METU)<\/a><\/li><li>May 20-22, <a rel=\"noreferrer noopener\" aria-label=\" (opens in a new tab)\" href=\"https:\/\/qsoftware.lu.lv\/index.php\/qdrivecracow\/\" target=\"_blank\">Cracow, Poland<\/a><\/li><li>May 25-26, <a rel=\"noreferrer noopener\" aria-label=\" (opens in a new tab)\" href=\"https:\/\/qsoftware.lu.lv\/index.php\/qdrivewarsaw\/\" target=\"_blank\">Warsaw, Poland<\/a> <\/li><li>May 29-31, <a rel=\"noreferrer noopener\" aria-label=\" (opens in a new tab)\" href=\"https:\/\/qsoftware.lu.lv\/index.php\/qdrivebrno-1\/\" target=\"_blank\">Brno, the Czech Republic (Brno University of Technology)<\/a><\/li><li>June 17-19, <a rel=\"noreferrer noopener\" aria-label=\" (opens in a new tab)\" href=\"https:\/\/qsoftware.lu.lv\/index.php\/qdrivebrno-2\/\" target=\"_blank\">Brno, the Czech Republic (Masaryk University)<\/a>  <\/li><li>June 26-28, <a rel=\"noreferrer noopener\" aria-label=\" (opens in a new tab)\" href=\"https:\/\/qsoftware.lu.lv\/index.php\/qdrivekosice\/\" target=\"_blank\">Ko\u0161ice, Slovakia<\/a><\/li><li>July 3-5, <a rel=\"noreferrer noopener\" aria-label=\" (opens in a new tab)\" href=\"https:\/\/qsoftware.lu.lv\/index.php\/qdrivebupadest-1\/\" target=\"_blank\">Budapest, Hungary<\/a> <\/li><li>July 8-10, <a rel=\"noreferrer noopener\" aria-label=\" (opens in a new tab)\" href=\"https:\/\/qsoftware.lu.lv\/index.php\/qdrivebudapest-2\/\" target=\"_blank\">Budapest, Hungary<\/a> <\/li><li>July 16-18, <a rel=\"noreferrer noopener\" aria-label=\" (opens in a new tab)\" href=\"https:\/\/qsoftware.lu.lv\/index.php\/qdrivepodgorica\/\" target=\"_blank\">Podgorica, Montenegro<\/a><\/li><li>July 23-25, <a rel=\"noreferrer noopener\" aria-label=\" (opens in a new tab)\" href=\"https:\/\/qsoftware.lu.lv\/index.php\/qdrivesarajevo\/\" target=\"_blank\">Sarajevo, Bosnia and Herzegovina<\/a><\/li><li>July 30-August 1, <a href=\"https:\/\/qsoftware.lu.lv\/index.php\/qdriveljubljana\/\" target=\"_blank\" rel=\"noreferrer noopener\" aria-label=\" (opens in a new tab)\">Ljubljana, Slovenia<\/a><\/li><li>After summer, we will also be in Verona, Italy at the  Summer School &#8220;<a rel=\"noreferrer noopener\" aria-label=\"Quantum Languages Design and Implementation (opens in a new tab)\" href=\"http:\/\/profs.scienze.univr.it\/~dipierro\/SQLDI-19\/\" target=\"_blank\">Quantum Languages Design and Implementation<\/a>&#8221;, 23-28 September 2019. <\/li><\/ol>\n\n\n\n<h3 id=\"statistics\">QDrive Statistics<\/h3>\n\n\n\n<table class=\"wp-block-table aligncenter\"><tbody><tr><td>Venue<\/td><td>#application<\/td><td>#accepted<\/td><td>#first day<\/td><td>#diploma<\/td><td><img decoding=\"async\" src=\"http:\/\/qusoft.lu.lv\/wp-content\/uploads\/2019\/05\/logo_Qwomen-300x145.jpg\" width=\"100px\"><\/td><td>km<\/td><\/tr>\n\n<tr><td>Ankara@TR<\/td>\n<td style=\"text-align:center;\">149<\/td>\n<td style=\"text-align:center;\">42<\/td>\n<td style=\"text-align:center;\">36<\/td>\n<td style=\"text-align:center;\">33<\/td>\n<td style=\"text-align:center;\">16<\/td>\n<td style=\"text-align:center;\">&#x2708;<\/td><\/tr>\n\n<tr><td colspan=\"6\" style=\"text-align:right\"><i><b>beginning<\/b> of the first cycle from Riga<\/i><\/td>\n<td style=\"text-align:right;\"><b>0<\/b><\/td><\/tr>\n\n<tr><td colspan=\"6\" style=\"text-align:right\"><i>giving a seminar in Gliwice@PL<\/i><\/td>\n<td style=\"text-align:right;\"><b>998<\/b><\/td><\/tr>\n\n<tr><td>Krakow@PL<\/td>\n<td style=\"text-align:center;\">29<\/td>\n<td style=\"text-align:center;\">29<\/td>\n<td style=\"text-align:center;\">9<\/td>\n<td style=\"text-align:center;\">11<\/td>\n<td style=\"text-align:center;\">1<\/td>\n<td style=\"text-align:right;\"><b>1152<\/b><\/td><\/tr>\n\n<tr><td>Warsaw@PL<\/td>\n<td style=\"text-align:center;\">45<\/td>\n<td style=\"text-align:center;\">32<\/td>\n<td style=\"text-align:center;\">30<\/td>\n<td style=\"text-align:center;\">25<\/td>\n<td style=\"text-align:center;\">4<\/td>\n<td style=\"text-align:right;\"><b>1696<\/b><\/td><\/tr>\n\n<tr><td>Brno-1@CZ<\/td>\n<td style=\"text-align:center;\">21<\/td>\n<td style=\"text-align:center;\">21<\/td>\n<td style=\"text-align:center;\">17<\/td>\n<td style=\"text-align:center;\">14<\/td>\n<td style=\"text-align:center;\">3<\/td>\n<td style=\"text-align:right;\"><b>2252<\/b><\/td><\/tr>\n\n<tr><td colspan=\"6\" style=\"text-align:right\"><i><b>ending<\/b> of the first cycle in Riga (20 days)<\/i><\/td>\n<td style=\"text-align:right;\"><b>3710<\/b><\/td><\/tr>\n\n<tr><td colspan=\"6\" style=\"text-align:right\"><i><b>beginning<\/b> of the second cycle from Riga<\/i><\/td>\n<td style=\"text-align:right;\"><b>0<\/b><\/td><\/tr>\n\n<tr><td>Brno-2@CZ<\/td>\n<td style=\"text-align:center;\">37<\/td>\n<td style=\"text-align:center;\">26<\/td>\n<td style=\"text-align:center;\">22<\/td>\n<td style=\"text-align:center;\">21<\/td>\n<td style=\"text-align:center;\">5<\/td>\n<td style=\"text-align:right;\"><b>1236<\/b><\/td><\/tr>\n\n<tr><td>Ko\u0161ice@SK<\/td>\n<td style=\"text-align:center;\">17<\/td>\n<td style=\"text-align:center;\">17<\/td>\n<td style=\"text-align:center;\">15<\/td>\n<td style=\"text-align:center;\">10<\/td>\n<td style=\"text-align:center;\">4<\/td>\n<td style=\"text-align:right;\"><b>1811<\/b><\/td><\/tr>\n\n<tr><td>Budapest-1@HU<\/td>\n<td style=\"text-align:center;\" rowspan=\"2\">65<\/td>\n<td style=\"text-align:center;\" rowspan=\"2\">49<\/td>\n<td style=\"text-align:center;\">27<\/td>\n<td style=\"text-align:center;\">26<\/td>\n<td style=\"text-align:center;\">1<\/td>\n<td style=\"text-align:right;\" rowspan=\"2\"><b>2170<\/b><\/td><\/tr>\n\n<tr><td>Budapest-2@HU<\/td>\n<td style=\"text-align:center;\">20<\/td>\n<td style=\"text-align:center;\">20<\/td>\n<td style=\"text-align:center;\">0<\/td>\n<\/tr>\n\n\n<tr><td>Podgorica@MNE<\/td>\n<td style=\"text-align:center;\">22<\/td>\n<td style=\"text-align:center;\">20<\/td>\n<td style=\"text-align:center;\">14<\/td>\n<td style=\"text-align:center;\">13<\/td>\n<td style=\"text-align:center;\">2<\/td>\n<td style=\"text-align:right;\"><b>3016<\/b><\/td><\/tr>\n\n\n<tr><td>Sarajevo@BIH<\/td>\n<td style=\"text-align:center;\">15<\/td>\n<td style=\"text-align:center;\">12<\/td>\n<td style=\"text-align:center;\">7<\/td>\n<td style=\"text-align:center;\">8<\/td>\n<td style=\"text-align:center;\">2<\/td>\n<td style=\"text-align:right;\"><b>3341<\/b><\/td><\/tr>\n\n<tr><td>Ljubljana@SLO<\/td>\n<td style=\"text-align:center;\">37<\/td>\n<td style=\"text-align:center;\">35<\/td>\n<td style=\"text-align:center;\">30<\/td>\n<td style=\"text-align:center;\">28<\/td>\n<td style=\"text-align:center;\">3<\/td>\n<td style=\"text-align:right;\"><b>4527<\/b><\/td><\/tr>\n\n<tr><td colspan=\"6\" style=\"text-align:right\"><i><b>ending<\/b> of the second cycle in Riga (expected to complete in 54 days)<\/i><\/td>\n<td style=\"text-align:right;\"><b>6850<\/b><\/td><\/tr>\n\n<\/tbody><\/table>\n\n\n\n<h3>Project Team<\/h3>\n\n\n\n<p><em>Leader:<\/em> Dr. Abuzer Yakaryilmaz<br><em>QAdministrator:<\/em> Dr.  Maksims Dimitrijevs <br><em>QDrivers:<\/em> Dr. Maksims Dimitrijevs, Dr. Abuzer Yakaryilmaz, and Aleksejs Naumovs<br>QD<em>esigner:<\/em> <a rel=\"noreferrer noopener\" aria-label=\"Agnieszka Wolska (opens in a new tab)\" href=\"https:\/\/pl.linkedin.com\/in\/agnieszka-wolska-99348a68\" target=\"_blank\">Agnieszka Wolska<\/a> <br><em>PR Officer:<\/em> Maksims Ivanovs (February 2019 &#8211; April 2019)<\/p>\n\n\n\n<p><strong>Contributors:<\/strong><br><em>Administrator of Jupyter server:<\/em> M\u0101rti\u0146\u0161 K\u0101lis<br><em>PR and organizational advice and help:<\/em> Je\u013cena Po\u013cakova<br><em>Content editing of project outline:<\/em> Mat\u012bss Apinis <\/p>\n\n\n\n<p> <\/p>\n","protected":false},"excerpt":{"rendered":"<p>Quantum Drive was our spring and summer project in 2019. We traveled by our car[*] to various venues and taught the basics of quantum programming and quantum computation by doing there-day workshops. [*] We traveled by flight only to Ankara. In the first cycle, we flew to Ankara (both ways), and then we drove by &hellip; <a href=\"https:\/\/qsoftware.lu.lv\/index.php\/qdrive\/\" class=\"more-link\">Continue reading<span class=\"screen-reader-text\"> &#8220;QDrive&#8221;<\/span><\/a><\/p>\n","protected":false},"author":1,"featured_media":0,"parent":0,"menu_order":0,"comment_status":"closed","ping_status":"closed","template":"","meta":[],"_links":{"self":[{"href":"https:\/\/qsoftware.lu.lv\/index.php\/wp-json\/wp\/v2\/pages\/37"}],"collection":[{"href":"https:\/\/qsoftware.lu.lv\/index.php\/wp-json\/wp\/v2\/pages"}],"about":[{"href":"https:\/\/qsoftware.lu.lv\/index.php\/wp-json\/wp\/v2\/types\/page"}],"author":[{"embeddable":true,"href":"https:\/\/qsoftware.lu.lv\/index.php\/wp-json\/wp\/v2\/users\/1"}],"replies":[{"embeddable":true,"href":"https:\/\/qsoftware.lu.lv\/index.php\/wp-json\/wp\/v2\/comments?post=37"}],"version-history":[{"count":204,"href":"https:\/\/qsoftware.lu.lv\/index.php\/wp-json\/wp\/v2\/pages\/37\/revisions"}],"predecessor-version":[{"id":1738,"href":"https:\/\/qsoftware.lu.lv\/index.php\/wp-json\/wp\/v2\/pages\/37\/revisions\/1738"}],"wp:attachment":[{"href":"https:\/\/qsoftware.lu.lv\/index.php\/wp-json\/wp\/v2\/media?parent=37"}],"curies":[{"name":"wp","href":"https:\/\/api.w.org\/{rel}","templated":true}]}}